{"id":324,"date":"2020-12-12T17:08:54","date_gmt":"2020-12-12T16:08:54","guid":{"rendered":"http:\/\/ninjutsu-europa.de\/shop\/?post_type=product&#038;p=324"},"modified":"2025-03-20T20:49:45","modified_gmt":"2025-03-20T19:49:45","slug":"survival-for-beginners","status":"publish","type":"product","link":"https:\/\/ninjutsu-europa.de\/shop\/produkt\/survival-for-beginners\/","title":{"rendered":"Survival for Beginners"},"content":{"rendered":"<p>In this book, all those interested in the outdoors and in life will find an ideal summary of the possibilities in nature (includes all climatic zones of the earth) to survive using tried, tested and realistic methods. The work includes large and small areas for all situations and is a compact guide and collection of professional tips, even for (bloody) beginners. Thorsten Ritz also gives insights and advice on how you can survive in the &#8222;civilzed&#8220; wilderness, the urban jungle, through effective knowledge and action in extreme situations (pandemics, terrorist attacks, hostage-taking, earthquakes etc.). As a beginner, you will get a detailed list of the right EDC for each climate zone and different situations.<\/p>\n<p><strong>\u00dcbersetzung in deutscher Sprache:<\/strong><\/p>\n<p>In diesem Buch finden alle Natur- und Lebensinteressierten eine ideale Zusammenfassung der M\u00f6glichkeiten, in der Natur (alle Klimazonen der Erde) mit erprobten und realistischen Methoden zu \u00fcberleben. Das Werk umfasst gro\u00dfe und kleine Gebiete f\u00fcr alle Situationen und ist eine kompakte Anleitung und Sammlung von Profitipps, auch f\u00fcr (blutige) Anf\u00e4nger. Thorsten Ritz gibt auch Einblicke und Ratschl\u00e4ge, wie man in der \u201ezivilisierten\u201c Wildnis, dem Gro\u00dfstadtdschungel, durch effektives Wissen und Handeln in Extremsituationen (Pandemien, Terroranschl\u00e4ge, Geiselnahmen, Erdbeben etc.) \u00fcberleben kann. Als Einsteiger erhalten Sie eine detaillierte Auflistung der richtigen EDC f\u00fcr jede Klimazone und verschiedene Situationen.<\/p>\n<p>&nbsp;<\/p>\n<table>\n<tbody>\n<tr>\n<th><span style=\"font-weight: 400;\">ASIN<\/span><\/th>\n<td>B08PXJZJ8K<\/td>\n<\/tr>\n<tr>\n<th><span style=\"font-weight: 400;\">Herausgeber<\/span><\/th>\n<td>Independently published (8. Dezember 2020)<\/td>\n<\/tr>\n<tr>\n<th><span style=\"font-weight: 400;\">Sprache:<\/span><\/th>\n<td>Englisch<\/td>\n<\/tr>\n<tr>\n<th><span style=\"font-weight: 400;\">Taschenbuch<\/span><\/th>\n<td>482 Seiten<\/td>\n<\/tr>\n<tr>\n<th><span style=\"font-weight: 400;\">ISBN-13<\/span><\/th>\n<td>979-8578549496<\/td>\n<\/tr>\n<tr>\n<th><span style=\"font-weight: 400;\">Abmessungen<\/span><\/th>\n<td>20.32 x 3.07 x 25.4 cm<\/td>\n<\/tr>\n<\/tbody>\n<\/table>\n","protected":false},"excerpt":{"rendered":"<div id=\"sell-card241822\">\n<div id=\"sellbtn_buy-button241822\"><strong>Jetzt hier Bestellen auf <a href=\"https:\/\/publishde.bookmundo.com\/shop\/index.php\/catalogsearch\/result\/?q=survival+for+beginners\">Bookmundo<\/a><\/strong><\/div>\n<div><\/div>\n<\/div>\n","protected":false},"featured_media":325,"comment_status":"open","ping_status":"closed","template":"","meta":[],"product_brand":[],"product_cat":[54,55],"product_tag":[98,96,93,94,100,57,52,92,95,97,99],"class_list":{"0":"post-324","1":"product","2":"type-product","3":"status-publish","4":"has-post-thumbnail","6":"product_cat-buecher","7":"product_cat-survival","8":"product_tag-bushcraft","9":"product_tag-forest","10":"product_tag-freizeit-camping","11":"product_tag-hiking","12":"product_tag-mountains","13":"product_tag-outdoor","14":"product_tag-survival","15":"product_tag-ueberleben","16":"product_tag-walking","17":"product_tag-wilderness","18":"product_tag-woodland","20":"first","21":"instock","22":"product-type-simple"},"_links":{"self":[{"href":"https:\/\/ninjutsu-europa.de\/shop\/wp-json\/wp\/v2\/product\/324","targetHints":{"allow":["GET"]}}],"collection":[{"href":"https:\/\/ninjutsu-europa.de\/shop\/wp-json\/wp\/v2\/product"}],"about":[{"href":"https:\/\/ninjutsu-europa.de\/shop\/wp-json\/wp\/v2\/types\/product"}],"replies":[{"embeddable":true,"href":"https:\/\/ninjutsu-europa.de\/shop\/wp-json\/wp\/v2\/comments?post=324"}],"wp:featuredmedia":[{"embeddable":true,"href":"https:\/\/ninjutsu-europa.de\/shop\/wp-json\/wp\/v2\/media\/325"}],"wp:attachment":[{"href":"https:\/\/ninjutsu-europa.de\/shop\/wp-json\/wp\/v2\/media?parent=324"}],"wp:term":[{"taxonomy":"product_brand","embeddable":true,"href":"https:\/\/ninjutsu-europa.de\/shop\/wp-json\/wp\/v2\/product_brand?post=324"},{"taxonomy":"product_cat","embeddable":true,"href":"https:\/\/ninjutsu-europa.de\/shop\/wp-json\/wp\/v2\/product_cat?post=324"},{"taxonomy":"product_tag","embeddable":true,"href":"https:\/\/ninjutsu-europa.de\/shop\/wp-json\/wp\/v2\/product_tag?post=324"}],"curies":[{"name":"wp","href":"https:\/\/api.w.org\/{rel}","templated":true}]}}